{"id":12,"date":"2025-01-04T14:30:39","date_gmt":"2025-01-04T17:30:39","guid":{"rendered":"https:\/\/maisapravo.com\/conteudos\/minha-conta\/"},"modified":"2026-04-03T11:10:57","modified_gmt":"2026-04-03T14:10:57","slug":"minha-conta","status":"publish","type":"page","link":"https:\/\/maisapravo.com\/conteudos\/minha-conta\/","title":{"rendered":"Minha conta"},"content":{"rendered":"\t\t<div data-elementor-type=\"wp-page\" data-elementor-id=\"12\" class=\"elementor elementor-12\" data-elementor-post-type=\"page\">\n\t\t\t\t<div class=\"elementor-element elementor-element-25583fc9 e-flex e-con-boxed e-con e-parent\" data-id=\"25583fc9\" data-element_type=\"container\">\n\t\t\t\t\t<div class=\"e-con-inner\">\n\t\t\t\t<div class=\"elementor-element elementor-element-80e5d96 elementor-widget elementor-widget-text-editor\" data-id=\"80e5d96\" data-element_type=\"widget\" data-widget_type=\"text-editor.default\">\n\t\t\t\t<div class=\"elementor-widget-container\">\n\t\t\t\t\t\t\t\t\t\t\t\t\t\t\t\t\t<\/div>\n\t\t\t\t<\/div>\n\t\t\t\t\t<\/div>\n\t\t\t\t<\/div>\n\t\t\t\t<section class=\"elementor-section elementor-top-section elementor-element elementor-element-29125443 elementor-section-boxed elementor-section-height-default elementor-section-height-default\" data-id=\"29125443\" data-element_type=\"section\" data-settings=\"{&quot;background_background&quot;:&quot;classic&quot;}\">\n\t\t\t\t\t\t<div class=\"elementor-container elementor-column-gap-default\">\n\t\t\t\t\t<div class=\"elementor-column elementor-col-100 elementor-top-column elementor-element elementor-element-34fb0ee3\" data-id=\"34fb0ee3\" data-element_type=\"column\">\n\t\t\t<div class=\"elementor-widget-wrap elementor-element-populated\">\n\t\t\t\t\t\t\t<\/div>\n\t\t<\/div>\n\t\t\t\t\t<\/div>\n\t\t<\/section>\n\t\t<div class=\"elementor-element elementor-element-c2d2446 e-flex e-con-boxed e-con e-parent\" data-id=\"c2d2446\" data-element_type=\"container\" data-settings=\"{&quot;background_background&quot;:&quot;classic&quot;}\">\n\t\t\t\t\t<div class=\"e-con-inner\">\n\t\t<div class=\"elementor-element elementor-element-074cdbd e-con-full e-flex e-con e-child\" data-id=\"074cdbd\" data-element_type=\"container\">\n\t\t\t\t<\/div>\n\t\t\t\t\t<\/div>\n\t\t\t\t<\/div>\n\t\t\t\t<section class=\"elementor-section elementor-top-section elementor-element elementor-element-a95e0c5 elementor-hidden-desktop elementor-section-boxed elementor-section-height-default elementor-section-height-default\" data-id=\"a95e0c5\" data-element_type=\"section\">\n\t\t\t\t\t\t<div class=\"elementor-container elementor-column-gap-default\">\n\t\t\t\t\t<div class=\"elementor-column elementor-col-100 elementor-top-column elementor-element elementor-element-592ca722\" data-id=\"592ca722\" data-element_type=\"column\">\n\t\t\t<div class=\"elementor-widget-wrap elementor-element-populated\">\n\t\t\t\t\t\t\t<\/div>\n\t\t<\/div>\n\t\t\t\t\t<\/div>\n\t\t<\/section>\n\t\t\t\t<section class=\"elementor-section elementor-top-section elementor-element elementor-element-4d918f8d elementor-section-boxed elementor-section-height-default elementor-section-height-default\" data-id=\"4d918f8d\" data-element_type=\"section\">\n\t\t\t\t\t\t<div class=\"elementor-container elementor-column-gap-default\">\n\t\t\t\t\t<div class=\"elementor-column elementor-col-100 elementor-top-column elementor-element elementor-element-7925272f\" data-id=\"7925272f\" data-element_type=\"column\">\n\t\t\t<div class=\"elementor-widget-wrap elementor-element-populated\">\n\t\t\t\t\t\t<div class=\"elementor-element elementor-element-355ab3cf e-my-account-tabs-horizontal elementor-widget elementor-widget-woocommerce-my-account\" data-id=\"355ab3cf\" data-element_type=\"widget\" data-widget_type=\"woocommerce-my-account.default\">\n\t\t\t\t<div class=\"elementor-widget-container\">\n\t\t\t\t\t<div class=\"e-my-account-tab e-my-account-tab__ \">\t\t\t<div class=\"woocommerce\"><\/div>\t\t<\/div>\n\t\t\t\t\t\t<\/div>\n\t\t\t\t<\/div>\n\t\t\t\t\t<\/div>\n\t\t<\/div>\n\t\t\t\t\t<\/div>\n\t\t<\/section>\n\t\t\t\t<\/div>\n\t\t","protected":false},"excerpt":{"rendered":"<p>Painel Assistir Agora Pedidos Endere\u00e7o Conta Sair Painel Assistir Agora Pedidos Endere\u00e7o Conta Sair Ol\u00e1, studioweb4 (n\u00e3o \u00e9 studioweb4? Sair) A partir do painel de controle de sua conta, voc\u00ea pode ver suas compras recentes, gerenciar seus endere\u00e7os de entrega e cobran\u00e7a, e editar sua senha e detalhes da conta.<\/p>\n","protected":false},"author":1,"featured_media":0,"parent":0,"menu_order":0,"comment_status":"closed","ping_status":"closed","template":"elementor_header_footer","meta":{"_acf_changed":false,"pmpro_default_level":"","_joinchat":[],"footnotes":""},"class_list":["post-12","page","type-page","status-publish","hentry","pmpro-has-access"],"acf":[],"_links":{"self":[{"href":"https:\/\/maisapravo.com\/conteudos\/wp-json\/wp\/v2\/pages\/12","targetHints":{"allow":["GET"]}}],"collection":[{"href":"https:\/\/maisapravo.com\/conteudos\/wp-json\/wp\/v2\/pages"}],"about":[{"href":"https:\/\/maisapravo.com\/conteudos\/wp-json\/wp\/v2\/types\/page"}],"author":[{"embeddable":true,"href":"https:\/\/maisapravo.com\/conteudos\/wp-json\/wp\/v2\/users\/1"}],"replies":[{"embeddable":true,"href":"https:\/\/maisapravo.com\/conteudos\/wp-json\/wp\/v2\/comments?post=12"}],"version-history":[{"count":73,"href":"https:\/\/maisapravo.com\/conteudos\/wp-json\/wp\/v2\/pages\/12\/revisions"}],"predecessor-version":[{"id":7079,"href":"https:\/\/maisapravo.com\/conteudos\/wp-json\/wp\/v2\/pages\/12\/revisions\/7079"}],"wp:attachment":[{"href":"https:\/\/maisapravo.com\/conteudos\/wp-json\/wp\/v2\/media?parent=12"}],"curies":[{"name":"wp","href":"https:\/\/api.w.org\/{rel}","templated":true}]}}