{"id":2341,"date":"2021-06-10T14:14:28","date_gmt":"2021-06-10T14:14:28","guid":{"rendered":"https:\/\/promo-theme.com\/novo\/?page_id=2341"},"modified":"2025-06-08T11:25:52","modified_gmt":"2025-06-08T14:25:52","slug":"quem-sou","status":"publish","type":"page","link":"https:\/\/maisapravo.com\/conteudos\/quem-sou\/","title":{"rendered":"Quem Sou"},"content":{"rendered":"\t\t<div data-elementor-type=\"wp-page\" data-elementor-id=\"2341\" class=\"elementor elementor-2341\" data-elementor-post-type=\"page\">\n\t\t\t\t\t\t<section class=\"elementor-section elementor-top-section elementor-element elementor-element-2edb5abe elementor-section-boxed elementor-section-height-default elementor-section-height-default\" data-id=\"2edb5abe\" data-element_type=\"section\">\n\t\t\t\t\t\t<div class=\"elementor-container elementor-column-gap-default\">\n\t\t\t\t\t<div class=\"elementor-column elementor-col-50 elementor-top-column elementor-element elementor-element-4ffb4c94\" data-id=\"4ffb4c94\" data-element_type=\"column\" data-settings=\"{&quot;background_background&quot;:&quot;classic&quot;}\">\n\t\t\t<div class=\"elementor-widget-wrap elementor-element-populated\">\n\t\t\t\t\t\t<div class=\"elementor-element elementor-element-128a9d3 elementor-widget elementor-widget-image\" data-id=\"128a9d3\" data-element_type=\"widget\" data-widget_type=\"image.default\">\n\t\t\t\t<div class=\"elementor-widget-container\">\n\t\t\t\t\t\t\t\t\t\t\t\t\t\t\t<img fetchpriority=\"high\" decoding=\"async\" width=\"683\" height=\"1024\" src=\"https:\/\/maisapravo.com\/conteudos\/wp-content\/uploads\/2025\/06\/IMG_2631-683x1024.jpg\" class=\"attachment-large size-large wp-image-3914\" alt=\"\" srcset=\"https:\/\/maisapravo.com\/conteudos\/wp-content\/uploads\/2025\/06\/IMG_2631-683x1024.jpg 683w, https:\/\/maisapravo.com\/conteudos\/wp-content\/uploads\/2025\/06\/IMG_2631-200x300.jpg 200w, https:\/\/maisapravo.com\/conteudos\/wp-content\/uploads\/2025\/06\/IMG_2631-768x1151.jpg 768w, https:\/\/maisapravo.com\/conteudos\/wp-content\/uploads\/2025\/06\/IMG_2631-1025x1536.jpg 1025w, https:\/\/maisapravo.com\/conteudos\/wp-content\/uploads\/2025\/06\/IMG_2631-47x70.jpg 47w, https:\/\/maisapravo.com\/conteudos\/wp-content\/uploads\/2025\/06\/IMG_2631-1080x1619.jpg 1080w, https:\/\/maisapravo.com\/conteudos\/wp-content\/uploads\/2025\/06\/IMG_2631.jpg 1366w\" sizes=\"(max-width: 683px) 100vw, 683px\" \/>\t\t\t\t\t\t\t\t\t\t\t\t\t\t\t<\/div>\n\t\t\t\t<\/div>\n\t\t\t\t\t<\/div>\n\t\t<\/div>\n\t\t\t\t<div class=\"elementor-column elementor-col-50 elementor-top-column elementor-element elementor-element-1dff58cc\" data-id=\"1dff58cc\" data-element_type=\"column\" data-settings=\"{&quot;background_background&quot;:&quot;classic&quot;}\">\n\t\t\t<div class=\"elementor-widget-wrap elementor-element-populated\">\n\t\t\t\t\t\t<div class=\"elementor-element elementor-element-737ed5b5 elementor-widget elementor-widget-yprm_heading\" data-id=\"737ed5b5\" data-element_type=\"widget\" data-widget_type=\"yprm_heading.default\">\n\t\t\t\t<div class=\"elementor-widget-container\">\n\t\t\t\t\t\t\t\t<div class=\"heading-block with-line\">\n\t\t\t\t                  <h3 class=\"h\">Conhe\u00e7a um pouco<br \/>\n<span>Sobre Mim<\/span><\/h3>\n        \t\t\t<\/div>\n      \t\t\t\t\t\t<\/div>\n\t\t\t\t<\/div>\n\t\t\t\t<div class=\"elementor-element elementor-element-7542b32b elementor-widget elementor-widget-text-editor\" data-id=\"7542b32b\" data-element_type=\"widget\" data-widget_type=\"text-editor.default\">\n\t\t\t\t<div class=\"elementor-widget-container\">\n\t\t\t\t\t\t\t\t\t<p>Maisa Pravo \u00e9 pro domme e criadora de conte\u00fado, conhece o bdsm desde 2016 e criadora desde 2019.<br \/>Maisa tem 31 anos, faz anivers\u00e1rio em 13 mar\u00e7o.<br \/>Atualmente seu perfil \u00e9 atuar como hot wife, do ingl\u00eas \u201cesposa quente\u201d aquela que gosta de se relacionar com outros homens mesmo sendo casada mas seu marido sabe, aceita e muitas vezes est\u00e1 junto! Junto com isso, \u00e9 ela que comanda tudo, fazendo humilha\u00e7\u00f5es e pr\u00e1ticas bdsm junto com pr\u00e1ticas sexuais!<\/p><p>Projetos: Femdom XXXPERIENCE<br \/>Imers\u00e3o ao bdsm liderado por mulheres.<br \/>Ebook para iniciantes a domina\u00e7\u00e3o \u00e1 venda.<br \/>Projeto Hotwife \u00e9 um quadro no Instagram onde ela sai a busca de um relacionamento aberto junto com amigas em bares e baladas de SP!<br \/>Mentoria para aspirantes em domina\u00e7\u00e3o feminina.<br \/>Atualmente mora no Rio Grande do Sul mas viaja o Brasil inteiro a trabalho.<br \/>\u201cMaisa Pravo, f\u00eamea alfa\u201d<\/p>\t\t\t\t\t\t\t\t<\/div>\n\t\t\t\t<\/div>\n\t\t\t\t<div class=\"elementor-element elementor-element-6bbe46f elementor-widget elementor-widget-yprm_button\" data-id=\"6bbe46f\" data-element_type=\"widget\" data-widget_type=\"yprm_button.default\">\n\t\t\t\t<div class=\"elementor-widget-container\">\n\t\t\t\t\t\r\n\t\t<div class=\"button-container\">\r\n\t\t\t<a class=\"button-elementor button-style2\" href=\"#\" target=\"_self\">\r\n\t\t\t\t\t\t\t\t<span>Read More<\/span>\r\n\t\t\t\t\t\t\t<\/a>\r\n\t\t<\/div>\r\n\r\n\t\t\t\t\t\t<\/div>\n\t\t\t\t<\/div>\n\t\t\t\t\t<\/div>\n\t\t<\/div>\n\t\t\t\t\t<\/div>\n\t\t<\/section>\n\t\t\t\t<\/div>\n\t\t","protected":false},"excerpt":{"rendered":"<p>Conhe\u00e7a um pouco Sobre Mim Maisa Pravo \u00e9 pro domme e criadora de conte\u00fado, conhece o bdsm desde 2016 e criadora desde 2019.Maisa tem 31 anos, faz anivers\u00e1rio em 13 mar\u00e7o.Atualmente seu perfil \u00e9 atuar como hot wife, do ingl\u00eas \u201cesposa quente\u201d aquela que gosta de se relacionar com outros homens mesmo sendo casada mas [&hellip;]<\/p>\n","protected":false},"author":1,"featured_media":0,"parent":0,"menu_order":0,"comment_status":"closed","ping_status":"closed","template":"template-landing.php","meta":{"_acf_changed":false,"pmpro_default_level":"","_joinchat":[],"footnotes":""},"class_list":["post-2341","page","type-page","status-publish","hentry","pmpro-has-access"],"acf":[],"_links":{"self":[{"href":"https:\/\/maisapravo.com\/conteudos\/wp-json\/wp\/v2\/pages\/2341","targetHints":{"allow":["GET"]}}],"collection":[{"href":"https:\/\/maisapravo.com\/conteudos\/wp-json\/wp\/v2\/pages"}],"about":[{"href":"https:\/\/maisapravo.com\/conteudos\/wp-json\/wp\/v2\/types\/page"}],"author":[{"embeddable":true,"href":"https:\/\/maisapravo.com\/conteudos\/wp-json\/wp\/v2\/users\/1"}],"replies":[{"embeddable":true,"href":"https:\/\/maisapravo.com\/conteudos\/wp-json\/wp\/v2\/comments?post=2341"}],"version-history":[{"count":10,"href":"https:\/\/maisapravo.com\/conteudos\/wp-json\/wp\/v2\/pages\/2341\/revisions"}],"predecessor-version":[{"id":3921,"href":"https:\/\/maisapravo.com\/conteudos\/wp-json\/wp\/v2\/pages\/2341\/revisions\/3921"}],"wp:attachment":[{"href":"https:\/\/maisapravo.com\/conteudos\/wp-json\/wp\/v2\/media?parent=2341"}],"curies":[{"name":"wp","href":"https:\/\/api.w.org\/{rel}","templated":true}]}}