{"id":3589,"date":"2025-01-08T18:47:53","date_gmt":"2025-01-08T21:47:53","guid":{"rendered":"https:\/\/maisapravo.com\/conteudos\/?page_id=3589"},"modified":"2026-04-26T10:10:41","modified_gmt":"2026-04-26T13:10:41","slug":"maisa-pravo-2","status":"publish","type":"page","link":"https:\/\/maisapravo.com\/conteudos\/","title":{"rendered":"Maisa Pravo"},"content":{"rendered":"\t\t<div data-elementor-type=\"wp-page\" data-elementor-id=\"3589\" class=\"elementor elementor-3589\" data-elementor-post-type=\"page\">\n\t\t\t\t\t\t<section class=\"elementor-section elementor-top-section elementor-element elementor-element-61664e6 elementor-section-full_width elementor-section-height-default elementor-section-height-default\" data-id=\"61664e6\" data-element_type=\"section\">\n\t\t\t\t\t\t<div class=\"elementor-container elementor-column-gap-no\">\n\t\t\t\t\t<div class=\"elementor-column elementor-col-100 elementor-top-column elementor-element elementor-element-0309cf6\" data-id=\"0309cf6\" data-element_type=\"column\">\n\t\t\t<div class=\"elementor-widget-wrap elementor-element-populated\">\n\t\t\t\t\t\t<div class=\"elementor-element elementor-element-c5fbd94 elementor-widget elementor-widget-yprm_banner\" data-id=\"c5fbd94\" data-element_type=\"widget\" data-widget_type=\"yprm_banner.default\">\n\t\t\t\t<div class=\"elementor-widget-container\">\n\t\t\t\t\t\t\t\t<div class=\"banner-wrapper banner-area banner-69f43e670211b\" style=\"--transition-speed: 2300ms;\" data-settings=\"{&quot;loop&quot;:true,&quot;speed&quot;:300,&quot;autoplay&quot;:{&quot;delay&quot;:3000,&quot;disableOnInteraction&quot;:false,&quot;pauseOnMouseEnter&quot;:true},&quot;arrows&quot;:true,&quot;dots&quot;:true,&quot;dots_position&quot;:&quot;left&quot;,&quot;animation&quot;:&quot;&quot;}\">\r\n\t\t\t\t\t\t<div class=\"banner-social-buttons\">\r\n\t\t\t<div class=\"links\">\r\n\t\t\t\t      <a class=\"item\" target=\"_blank\">\r\n        <i class=\"fab fa-facebook\"><\/i>        <span>facebook<\/span>\r\n      <\/a>\r\n          <a class=\"item\" target=\"_blank\">\r\n        <i class=\"fab fa-twitter\"><\/i>        <span>twitter<\/span>\r\n      <\/a>\r\n          <a class=\"item\" target=\"_blank\">\r\n        <i class=\"fab fa-youtube\"><\/i>        <span>youtube<\/span>\r\n      <\/a>\r\n    \t\t\t<\/div>\r\n\t\t<\/div>\r\n\t\t\t\t\t\t\t\t\t\t\t\t\t\t\r\n\t\t\t\t<div class=\"banner banner-items banner-69f43e6702129 fixed-height arrows-right-bottom pagination-left\" id=\"banner-69f43e670212c\">\r\n          <div class=\"swiper\">\r\n            <div class=\"swiper-wrapper\">\r\n                    <div class=\"item swiper-slide item-banner banner-item-69f43e67021fe elementor-repeater-item-9799635 tar inherit\">\r\n        <div class=\"bg-image\" style=\"background-image: url(https:\/\/maisapravo.com\/conteudos\/wp-content\/uploads\/2026\/04\/fotocapa.jpeg)\"><\/div>\r\n                  \n    <div class=\"bg-overlay\">\n          <\/div>\n\n                            <div class=\"container\">\r\n          <div class=\"cell middle\">\r\n\t\t\t\t\t\t\t\t\t\t\t\t\t<div class=\"heading heading-decor\">\r\n\t\t\t\t\t\t\t\t\t\t\t\t\t\t\t\t<h3 class=\"h\">\r\n\t\t\t\t\t\t\t\t\t\t\t\t\t\t\t\t\t<\/h3>\r\n\t\t\t\t\t\t\t<\/div>\r\n\t\t\t\t\t\t\t\t\t\t\t\t\t\t\t\t\t    \t\t\t\t\t\t\t\t\t\t\t<\/div>\r\n\t\t\t\t<\/div>\r\n\t\t\t<\/div>\r\n\t\t      <div class=\"item swiper-slide item-banner banner-item-69f43e6702afd elementor-repeater-item-7e2b6fb tar inherit\">\r\n        <div class=\"bg-image\" style=\"background-image: url(https:\/\/maisapravo.com\/conteudos\/wp-content\/uploads\/2026\/04\/fotocapa.jpeg)\"><\/div>\r\n                  \n    <div class=\"bg-overlay\">\n          <\/div>\n\n                            <div class=\"container\">\r\n          <div class=\"cell middle\">\r\n\t\t\t\t\t\t\t\t\t\t\t\t\t<div class=\"heading heading-decor\">\r\n\t\t\t\t\t\t\t\t\t\t\t\t\t\t\t\t<h3 class=\"h\">\r\n\t\t\t\t\t\t\t\t\t\t\t\t\t\t\t\t\t<\/h3>\r\n\t\t\t\t\t\t\t<\/div>\r\n\t\t\t\t\t\t\t\t\t\t\t\t\t\t\t\t\t    \t\t\t\t\t\t\t\t\t\t\t<\/div>\r\n\t\t\t\t<\/div>\r\n\t\t\t<\/div>\r\n\t\t            <\/div>\r\n          <\/div>\r\n          \r\n          <div class=\"owl-nav\"><div class=\"owl-prev basic-ui-icon-left-arrow\"><\/div><div class=\"owl-next basic-ui-icon-right-arrow\"><\/div><\/div>\r\n          <div class=\"owl-dots\"><\/div>          \r\n\t\t\t\t<\/div>\r\n\r\n\t\t\t<\/div>\r\n\t\t\t\t\t\t<\/div>\n\t\t\t\t<\/div>\n\t\t\t\t\t<\/div>\n\t\t<\/div>\n\t\t\t\t\t<\/div>\n\t\t<\/section>\n\t\t\t\t<section class=\"elementor-section elementor-top-section elementor-element elementor-element-37b2e7d elementor-section-full_width elementor-section-height-default elementor-section-height-default\" data-id=\"37b2e7d\" data-element_type=\"section\">\n\t\t\t\t\t\t<div class=\"elementor-container elementor-column-gap-no\">\n\t\t\t\t\t<div class=\"elementor-column elementor-col-100 elementor-top-column elementor-element elementor-element-fe70ef8\" data-id=\"fe70ef8\" data-element_type=\"column\">\n\t\t\t<div class=\"elementor-widget-wrap elementor-element-populated\">\n\t\t\t\t\t\t<div class=\"elementor-element elementor-element-2107984 elementor-widget elementor-widget-spacer\" data-id=\"2107984\" data-element_type=\"widget\" data-widget_type=\"spacer.default\">\n\t\t\t\t<div class=\"elementor-widget-container\">\n\t\t\t\t\t\t\t<div class=\"elementor-spacer\">\n\t\t\t<div class=\"elementor-spacer-inner\"><\/div>\n\t\t<\/div>\n\t\t\t\t\t\t<\/div>\n\t\t\t\t<\/div>\n\t\t\t\t<div class=\"elementor-element elementor-element-d669e03 elementor-widget elementor-widget-yprm_categories\" data-id=\"d669e03\" data-element_type=\"widget\" data-settings=\"{&quot;cols_xs&quot;:1,&quot;cols_sm&quot;:2,&quot;cols_md&quot;:3}\" data-widget_type=\"yprm_categories.default\">\n\t\t\t\t<div class=\"elementor-widget-container\">\n\t\t\t\t\t\t\t<div class=\"category row category-block type-normal\" data-portfolio-settings=\"{&quot;loop&quot;:true,&quot;autoplay&quot;:true,&quot;mousewheel&quot;:true,&quot;carousel&quot;:true,&quot;autoplay_speed&quot;:5000,&quot;pauseohover&quot;:true,&quot;speed&quot;:300,&quot;type&quot;:&quot;normal&quot;,&quot;cols_xs&quot;:1,&quot;cols_sm&quot;:2,&quot;cols_md&quot;:3}\">\r\n\t\t\t\t\t\t\t<div class=\"item category-item elementor-repeater-item-d500613 white\" style=\"background-image: url(https:\/\/maisapravo.com\/conteudos\/wp-content\/uploads\/2025\/01\/maisa3-1024x901.jpg);\">\r\n\t\t\t\t\t\t\t<h6 class=\"sub-h\">MAISA PRAVO<\/h6>\r\n\t\t\t\t\t\t<h3 class=\"h\">ASSINATURAS<\/h3>\r\n\t\t\t\t\t\t\t<a class=\"button-style1\" target=\"_blank\" rel=\"nofollow\" href=\"https:\/\/maisapravo.com\/conteudos\/loja\/\">Compre Agora<\/a>\r\n\t\t\t\t\t<\/div>\r\n\t\t\t\t<div class=\"item category-item elementor-repeater-item-4aaf3ae white\" style=\"background-image: url(https:\/\/maisapravo.com\/conteudos\/wp-content\/uploads\/2025\/01\/maisa1-1-1024x901.jpg);\">\r\n\t\t\t\t\t\t\t<h6 class=\"sub-h\">MAISA PRAVO<\/h6>\r\n\t\t\t\t\t\t<h3 class=\"h\">ASSINATURAS<\/h3>\r\n\t\t\t\t\t\t\t<a class=\"button-style1\" target=\"_blank\" rel=\"nofollow\" href=\"https:\/\/maisapravo.com\/conteudos\/loja\/\">Compre Agora<\/a>\r\n\t\t\t\t\t<\/div>\r\n\t\t\t\t<div class=\"item category-item elementor-repeater-item-d1fd4b2 white\" style=\"background-image: url(https:\/\/maisapravo.com\/conteudos\/wp-content\/uploads\/2025\/01\/maisa2-1024x901.jpg);\">\r\n\t\t\t\t\t\t\t<h6 class=\"sub-h\">MAISA PRAVO<\/h6>\r\n\t\t\t\t\t\t<h3 class=\"h\">ASSINATURAS<\/h3>\r\n\t\t\t\t\t\t\t<a class=\"button-style1\" target=\"_blank\" rel=\"nofollow\" href=\"https:\/\/maisapravo.com\/conteudos\/loja\/\">Compre Agora<\/a>\r\n\t\t\t\t\t<\/div>\r\n\t\t\t\t<div class=\"item category-item elementor-repeater-item-29656c6 white\" style=\"background-image: url(https:\/\/maisapravo.com\/conteudos\/wp-content\/uploads\/2025\/01\/maisa4-1024x901.jpg);\">\r\n\t\t\t\t\t\t\t<h6 class=\"sub-h\">MAISA PRAVO<\/h6>\r\n\t\t\t\t\t\t<h3 class=\"h\">ASSINATURAS<\/h3>\r\n\t\t\t\t\t\t\t<a class=\"button-style1\" target=\"_blank\" rel=\"nofollow\" href=\"https:\/\/maisapravo.com\/conteudos\/loja\/\">Compre Agora<\/a>\r\n\t\t\t\t\t<\/div>\r\n\t\t\t\t\t\t<\/div>\r\n\r\n\t\t\t\t\t\t<\/div>\n\t\t\t\t<\/div>\n\t\t\t\t\t<\/div>\n\t\t<\/div>\n\t\t\t\t\t<\/div>\n\t\t<\/section>\n\t\t\t\t<section class=\"elementor-section elementor-top-section elementor-element elementor-element-4217323 elementor-section-full_width stax-condition-yes elementor-section-height-default elementor-section-height-default\" data-id=\"4217323\" data-element_type=\"section\">\n\t\t\t\t\t\t<div class=\"elementor-container elementor-column-gap-no\">\n\t\t\t\t\t<div class=\"elementor-column elementor-col-100 elementor-top-column elementor-element elementor-element-95b4ba3\" data-id=\"95b4ba3\" data-element_type=\"column\">\n\t\t\t<div class=\"elementor-widget-wrap elementor-element-populated\">\n\t\t\t\t\t\t<div class=\"elementor-element elementor-element-306cb9c elementor-widget elementor-widget-spacer\" data-id=\"306cb9c\" data-element_type=\"widget\" data-widget_type=\"spacer.default\">\n\t\t\t\t<div class=\"elementor-widget-container\">\n\t\t\t\t\t\t\t<div class=\"elementor-spacer\">\n\t\t\t<div class=\"elementor-spacer-inner\"><\/div>\n\t\t<\/div>\n\t\t\t\t\t\t<\/div>\n\t\t\t\t<\/div>\n\t\t\t\t<div class=\"elementor-element elementor-element-699cace elementor-widget elementor-widget-counter\" data-id=\"699cace\" data-element_type=\"widget\" data-widget_type=\"counter.default\">\n\t\t\t\t<div class=\"elementor-widget-container\">\n\t\t\t\t\t\t\t<div class=\"elementor-counter\">\n\t\t\t<div class=\"elementor-counter-title\">Videos FULL disponiveis<\/div>\t\t\t<div class=\"elementor-counter-number-wrapper\">\n\t\t\t\t<span class=\"elementor-counter-number-prefix\"><\/span>\n\t\t\t\t<span class=\"elementor-counter-number\" data-duration=\"5000\" data-to-value=\"272\" data-from-value=\"1\" data-delimiter=\",\">1<\/span>\n\t\t\t\t<span class=\"elementor-counter-number-suffix\"><\/span>\n\t\t\t<\/div>\n\t\t<\/div>\n\t\t\t\t\t\t<\/div>\n\t\t\t\t<\/div>\n\t\t\t\t\t<\/div>\n\t\t<\/div>\n\t\t\t\t\t<\/div>\n\t\t<\/section>\n\t\t\t\t<section class=\"elementor-section elementor-top-section elementor-element elementor-element-f41d61b elementor-section-full_width elementor-section-height-default elementor-section-height-default\" data-id=\"f41d61b\" data-element_type=\"section\">\n\t\t\t\t\t\t<div class=\"elementor-container elementor-column-gap-no\">\n\t\t\t\t\t<div class=\"elementor-column elementor-col-100 elementor-top-column elementor-element elementor-element-ba10367\" data-id=\"ba10367\" data-element_type=\"column\">\n\t\t\t<div class=\"elementor-widget-wrap elementor-element-populated\">\n\t\t\t\t\t\t<div class=\"elementor-element elementor-element-7432ae0 elementor-widget elementor-widget-heading\" data-id=\"7432ae0\" data-element_type=\"widget\" data-widget_type=\"heading.default\">\n\t\t\t\t<div class=\"elementor-widget-container\">\n\t\t\t\t\t<h1 class=\"elementor-heading-title elementor-size-default\">Minhas Pr\u00e9vias<\/h1>\t\t\t\t<\/div>\n\t\t\t\t<\/div>\n\t\t\t\t<div class=\"elementor-element elementor-element-40c8033 elementor-widget elementor-widget-spacer\" data-id=\"40c8033\" data-element_type=\"widget\" data-widget_type=\"spacer.default\">\n\t\t\t\t<div class=\"elementor-widget-container\">\n\t\t\t\t\t\t\t<div class=\"elementor-spacer\">\n\t\t\t<div class=\"elementor-spacer-inner\"><\/div>\n\t\t<\/div>\n\t\t\t\t\t\t<\/div>\n\t\t\t\t<\/div>\n\t\t\t\t\t<\/div>\n\t\t<\/div>\n\t\t\t\t\t<\/div>\n\t\t<\/section>\n\t\t<div class=\"elementor-element elementor-element-31767bf e-grid e-con-boxed e-con e-parent\" data-id=\"31767bf\" data-element_type=\"container\">\n\t\t\t\t\t<div class=\"e-con-inner\">\n\t\t\t\t<div class=\"elementor-element elementor-element-f280115 elementor-widget elementor-widget-image\" data-id=\"f280115\" data-element_type=\"widget\" data-widget_type=\"image.default\">\n\t\t\t\t<div class=\"elementor-widget-container\">\n\t\t\t\t\t\t\t\t\t\t\t\t\t\t\t\t<a href=\"https:\/\/x.com\/maisa_pravo\" target=\"_blank\">\n\t\t\t\t\t\t\t<img fetchpriority=\"high\" decoding=\"async\" width=\"300\" height=\"300\" src=\"https:\/\/maisapravo.com\/conteudos\/wp-content\/uploads\/2026\/03\/tuiter.fw_.png\" class=\"attachment-medium size-medium wp-image-7054\" alt=\"\" srcset=\"https:\/\/maisapravo.com\/conteudos\/wp-content\/uploads\/2026\/03\/tuiter.fw_.png 300w, https:\/\/maisapravo.com\/conteudos\/wp-content\/uploads\/2026\/03\/tuiter.fw_-150x150.png 150w, https:\/\/maisapravo.com\/conteudos\/wp-content\/uploads\/2026\/03\/tuiter.fw_-70x70.png 70w, https:\/\/maisapravo.com\/conteudos\/wp-content\/uploads\/2026\/03\/tuiter.fw_-100x100.png 100w\" sizes=\"(max-width: 300px) 100vw, 300px\" \/>\t\t\t\t\t\t\t\t<\/a>\n\t\t\t\t\t\t\t\t\t\t\t\t\t\t\t<\/div>\n\t\t\t\t<\/div>\n\t\t\t\t<div class=\"elementor-element elementor-element-a0280af elementor-widget elementor-widget-image\" data-id=\"a0280af\" data-element_type=\"widget\" data-widget_type=\"image.default\">\n\t\t\t\t<div class=\"elementor-widget-container\">\n\t\t\t\t\t\t\t\t\t\t\t\t\t\t\t\t<a href=\"https:\/\/t.me\/+ePkZDW-86Vg0YzBh\" target=\"_blank\">\n\t\t\t\t\t\t\t<img decoding=\"async\" src=\"https:\/\/maisapravo.com\/conteudos\/wp-content\/uploads\/2026\/03\/telegram-1.png\" title=\"telegram\" alt=\"telegram\" loading=\"lazy\" \/>\t\t\t\t\t\t\t\t<\/a>\n\t\t\t\t\t\t\t\t\t\t\t\t\t\t\t<\/div>\n\t\t\t\t<\/div>\n\t\t\t\t\t<\/div>\n\t\t\t\t<\/div>\n\t\t\t\t<section class=\"stax-visibility-hidden elementor-section elementor-top-section elementor-element elementor-element-374be686 stax-condition-yes stax-user_role_enabled-yes elementor-section-boxed elementor-section-height-default elementor-section-height-default\" style=\"display: none\" data-id=\"374be686\" data-element_type=\"section\">\n\t\t\t\t\t\t<div class=\"elementor-container elementor-column-gap-default\">\n\t\t\t\t\t<div class=\"elementor-column elementor-col-100 elementor-top-column elementor-element elementor-element-80f2c91\" data-id=\"80f2c91\" data-element_type=\"column\">\n\t\t\t<div class=\"elementor-widget-wrap\">\n\t\t\t\t\t\t\t<\/div>\n\t\t<\/div>\n\t\t\t\t\t<\/div>\n\t\t<\/section>\n\t\t\t\t<section class=\"elementor-section elementor-top-section elementor-element elementor-element-282fd18f elementor-section-boxed elementor-section-height-default elementor-section-height-default\" data-id=\"282fd18f\" data-element_type=\"section\">\n\t\t\t\t\t\t<div class=\"elementor-container elementor-column-gap-default\">\n\t\t\t\t\t<div class=\"elementor-column elementor-col-100 elementor-top-column elementor-element elementor-element-2e0ed560\" data-id=\"2e0ed560\" data-element_type=\"column\">\n\t\t\t<div class=\"elementor-widget-wrap elementor-element-populated\">\n\t\t\t\t\t\t<div class=\"elementor-element elementor-element-084dc68 elementor-widget elementor-widget-pt_price_list_type2\" data-id=\"084dc68\" data-element_type=\"widget\" data-settings=\"{&quot;cols_xs&quot;:1,&quot;cols_sm&quot;:2,&quot;cols_md&quot;:3}\" data-widget_type=\"pt_price_list_type2.default\">\n\t\t\t\t<div class=\"elementor-widget-container\">\n\t\t\t\t\t\t    \t<div class=\"price-list-type2 row price-list-type2-69f43e6706957\" data-banner-settings=\"{&quot;loop&quot;:true,&quot;autoplay&quot;:true,&quot;arrows&quot;:true,&quot;autoplay_speed&quot;:5000,&quot;pauseohover&quot;:true,&quot;speed&quot;:300,&quot;carousel&quot;:true,&quot;cols_xs&quot;:1,&quot;cols_sm&quot;:2,&quot;cols_md&quot;:3}\">\n\t    \t\t\t\t\t\t\t\t<div class=\"item price-list-type2-item\">\n\t\t\t\t\t\t\t\t\t\t\t\t\t\t\t<h6 class=\"h\">\n\t\t\t\t\t\t\t\t\tPrime Stream\t\t\t\t\t\t\t\t<\/h6>\n\t\t\t\t\t\t\t\t\t\t\t\t\t\t\t\t\t\t\t\t<div class=\"price\">19,90<\/div>\n\t\t\t\t\t\t\t\t\t\t\t\t<div class=\"img\" style=\"background-image: url(http:\/\/maisapravo.com\/conteudos\/wp-content\/uploads\/2025\/02\/IMG_2738-Copy.jpg)\"><\/div>\n\t\t\t\t\t\t<div class=\"options\">\n\t\t\t\t\t\t\t\t\t\t\t\t\t\t\t<div class=\"heading-decor\"><h5>Mensal<\/h5><\/div>\n\t\t\t\t\t\t\t\t\t\t\t\t\t\t\t\t\t\t\t\t\t\t\t\t<div class=\"o-row\">Acesso exclusivo <\/div>\n\t\t\t\t\t\t\t\t\t\t\t\t\t\t\t\t\t\t\t<div class=\"o-row\"><\/div>\n\t\t\t\t\t\t\t\t\t\t\t\t\t\t\t\t\t\t\t<div class=\"o-row\">Videos HD<\/div>\n\t\t\t\t\t\t\t\t\t\t\t\t\t\t\t\t\t\t\t<div class=\"o-row\">Bastidores das Grava\u00e7\u00f5es<\/div>\n\t\t\t\t\t\t\t\t\t\t\t\t\t\t\t\t\t\t\t<div class=\"o-row\">Sorteios<\/div>\n\t\t\t\t\t\t\t\t\t\t\t\t\t\t\t\t\t\t\t<div class=\"o-row\">Sem Anuncios<\/div>\n\t\t\t\t\t\t\t\t\t\t\t\t\t\t\t\t\t\t\t<div class=\"o-row\">100% Seguro<\/div>\n\t\t\t\t\t\t\t\t\t\t\t\t\t\t\t<\/div>\n\t\t\t\t\t\t\t\t\t\t\t\t\t\t\t<a class=\"button-style1\" href=\"https:\/\/maisapravo.com\/conteudos\/finalizar-compra\/?add-to-cart=3856\" target=\"_blank\"  rel=\"nofollow\">\n\t\t\t\t\t\t\t\t\t\tCompre Agora\t\t\t\t\t\t\t\t\t<\/a>\n\t\t\t\t\t\t\t\t\t\t\t\t\t<\/div>\n\t    \t\t\t\t\t\t\t\t<div class=\"item price-list-type2-item\">\n\t\t\t\t\t\t\t\t\t\t\t\t\t\t\t<h6 class=\"h\">\n\t\t\t\t\t\t\t\t\tPlatinum Streams\t\t\t\t\t\t\t\t<\/h6>\n\t\t\t\t\t\t\t\t\t\t\t\t\t\t\t\t\t\t\t\t<div class=\"price\">53,90<\/div>\n\t\t\t\t\t\t\t\t\t\t\t\t<div class=\"img\" style=\"background-image: url(http:\/\/maisapravo.com\/conteudos\/wp-content\/uploads\/2025\/02\/IMG_2736-Copy.jpg)\"><\/div>\n\t\t\t\t\t\t<div class=\"options\">\n\t\t\t\t\t\t\t\t\t\t\t\t\t\t\t<div class=\"heading-decor\"><h5>Trimestral<\/h5><\/div>\n\t\t\t\t\t\t\t\t\t\t\t\t\t\t\t\t\t\t\t\t\t\t\t\t<div class=\"o-row\">Acesso exclusivo <\/div>\n\t\t\t\t\t\t\t\t\t\t\t\t\t\t\t\t\t\t\t<div class=\"o-row\"><\/div>\n\t\t\t\t\t\t\t\t\t\t\t\t\t\t\t\t\t\t\t<div class=\"o-row\">Videos HD<\/div>\n\t\t\t\t\t\t\t\t\t\t\t\t\t\t\t\t\t\t\t<div class=\"o-row\">Bastidores das Grava\u00e7\u00f5es<\/div>\n\t\t\t\t\t\t\t\t\t\t\t\t\t\t\t\t\t\t\t<div class=\"o-row\">Sorteios<\/div>\n\t\t\t\t\t\t\t\t\t\t\t\t\t\t\t\t\t\t\t<div class=\"o-row\">Sem Anuncios<\/div>\n\t\t\t\t\t\t\t\t\t\t\t\t\t\t\t\t\t\t\t<div class=\"o-row\">100% Seguro<\/div>\n\t\t\t\t\t\t\t\t\t\t\t\t\t\t\t<\/div>\n\t\t\t\t\t\t\t\t\t\t\t\t\t\t\t<a class=\"button-style1\" href=\"https:\/\/maisapravo.com\/conteudos\/finalizar-compra\/?add-to-cart=3857\" target=\"_blank\"  rel=\"nofollow\">\n\t\t\t\t\t\t\t\t\t\tCompre Agora\t\t\t\t\t\t\t\t\t<\/a>\n\t\t\t\t\t\t\t\t\t\t\t\t\t<\/div>\n\t    \t\t\t\t\t\t\t\t<div class=\"item price-list-type2-item\">\n\t\t\t\t\t\t\t\t\t\t\t\t\t\t\t<h6 class=\"h\">\n\t\t\t\t\t\t\t\t\tEspiadinha\t\t\t\t\t\t\t\t<\/h6>\n\t\t\t\t\t\t\t\t\t\t\t\t\t\t\t\t\t\t\t\t<div class=\"price\">9,90<\/div>\n\t\t\t\t\t\t\t\t\t\t\t\t<div class=\"img\" style=\"background-image: url(http:\/\/maisapravo.com\/conteudos\/wp-content\/uploads\/2025\/11\/MMF_5481-e1766773885122.jpg)\"><\/div>\n\t\t\t\t\t\t<div class=\"options\">\n\t\t\t\t\t\t\t\t\t\t\t\t\t\t\t\t\t\t\t\t\t\t\t\t<div class=\"o-row\">Acesso exclusivo <\/div>\n\t\t\t\t\t\t\t\t\t\t\t\t\t\t\t\t\t\t\t<div class=\"o-row\"><\/div>\n\t\t\t\t\t\t\t\t\t\t\t\t\t\t\t\t\t\t\t<div class=\"o-row\">Videos HD<\/div>\n\t\t\t\t\t\t\t\t\t\t\t\t\t\t\t\t\t\t\t<div class=\"o-row\">Bastidores das Grava\u00e7\u00f5es<\/div>\n\t\t\t\t\t\t\t\t\t\t\t\t\t\t\t\t\t\t\t<div class=\"o-row\">Sorteios<\/div>\n\t\t\t\t\t\t\t\t\t\t\t\t\t\t\t\t\t\t\t<div class=\"o-row\">Sem Anuncios<\/div>\n\t\t\t\t\t\t\t\t\t\t\t\t\t\t\t\t\t\t\t<div class=\"o-row\">100% Seguro<\/div>\n\t\t\t\t\t\t\t\t\t\t\t\t\t\t\t<\/div>\n\t\t\t\t\t\t\t\t\t\t\t\t\t\t\t<a class=\"button-style1\" href=\"https:\/\/maisapravo.com\/conteudos\/finalizar-compra\/?add-to-cart=3855\" target=\"_blank\"  rel=\"nofollow\">\n\t\t\t\t\t\t\t\t\t\tCOMPRE AGORA\t\t\t\t\t\t\t\t\t<\/a>\n\t\t\t\t\t\t\t\t\t\t\t\t\t<\/div>\n\t    \t\t\t    \t<\/div>\n\t    \t\t\t\t<\/div>\n\t\t\t\t<\/div>\n\t\t\t\t<div class=\"elementor-element elementor-element-74ee310f elementor-widget elementor-widget-yprm_brands\" data-id=\"74ee310f\" data-element_type=\"widget\" data-settings=\"{&quot;cols_xs&quot;:1,&quot;cols_sm&quot;:2,&quot;cols_md&quot;:3,&quot;cols_lg&quot;:4,&quot;cols_xl&quot;:5,&quot;carousel&quot;:&quot;yes&quot;}\" data-widget_type=\"yprm_brands.default\">\n\t\t\t\t<div class=\"elementor-widget-container\">\n\t\t\t\t\t\t\t<div class=\"brand-block \" data-portfolio-settings=\"{&quot;loop&quot;:&quot;yes&quot;,&quot;autoplay&quot;:&quot;yes&quot;,&quot;carousel&quot;:&quot;yes&quot;,&quot;autoplay_speed&quot;:5000,&quot;cols_xs&quot;:1,&quot;cols_sm&quot;:2,&quot;cols_md&quot;:3,&quot;cols_lg&quot;:4,&quot;cols_xl&quot;:5}\">\r\n\t\t\t\t\t\t\t<div class=\"swiper\">\r\n\t\t\t\t\t<div class=\"swiper-wrapper\">\r\n\t\t\t\t\t\t\t\t\t\t\t<\/div>\r\n\t\t\t\t<\/div>\r\n\t\t\t\t\t<\/div>\r\n\r\n\t\t\t\t\t\t<\/div>\n\t\t\t\t<\/div>\n\t\t\t\t\t<\/div>\n\t\t<\/div>\n\t\t\t\t\t<\/div>\n\t\t<\/section>\n\t\t\t\t<\/div>\n\t\t","protected":false},"excerpt":{"rendered":"<p>facebook twitter youtube MAISA PRAVO ASSINATURAS Compre Agora MAISA PRAVO ASSINATURAS Compre Agora MAISA PRAVO ASSINATURAS Compre Agora MAISA PRAVO ASSINATURAS Compre Agora Videos FULL disponiveis 1 Minhas Pr\u00e9vias Prime Stream 19,90 Mensal Acesso exclusivo Videos HD Bastidores das Grava\u00e7\u00f5es Sorteios Sem Anuncios 100% Seguro Compre Agora Platinum Streams 53,90 Trimestral Acesso exclusivo Videos HD [&hellip;]<\/p>\n","protected":false},"author":1,"featured_media":0,"parent":0,"menu_order":0,"comment_status":"closed","ping_status":"closed","template":"template-landing.php","meta":{"_acf_changed":false,"pmpro_default_level":"","_joinchat":[],"footnotes":""},"class_list":["post-3589","page","type-page","status-publish","hentry","pmpro-has-access"],"acf":[],"_links":{"self":[{"href":"https:\/\/maisapravo.com\/conteudos\/wp-json\/wp\/v2\/pages\/3589","targetHints":{"allow":["GET"]}}],"collection":[{"href":"https:\/\/maisapravo.com\/conteudos\/wp-json\/wp\/v2\/pages"}],"about":[{"href":"https:\/\/maisapravo.com\/conteudos\/wp-json\/wp\/v2\/types\/page"}],"author":[{"embeddable":true,"href":"https:\/\/maisapravo.com\/conteudos\/wp-json\/wp\/v2\/users\/1"}],"replies":[{"embeddable":true,"href":"https:\/\/maisapravo.com\/conteudos\/wp-json\/wp\/v2\/comments?post=3589"}],"version-history":[{"count":366,"href":"https:\/\/maisapravo.com\/conteudos\/wp-json\/wp\/v2\/pages\/3589\/revisions"}],"predecessor-version":[{"id":7212,"href":"https:\/\/maisapravo.com\/conteudos\/wp-json\/wp\/v2\/pages\/3589\/revisions\/7212"}],"wp:attachment":[{"href":"https:\/\/maisapravo.com\/conteudos\/wp-json\/wp\/v2\/media?parent=3589"}],"curies":[{"name":"wp","href":"https:\/\/api.w.org\/{rel}","templated":true}]}}